{"id":73,"date":"2023-02-06T21:26:57","date_gmt":"2023-02-06T21:26:57","guid":{"rendered":"https:\/\/enriqueclark.com\/?page_id=73"},"modified":"2023-03-14T20:23:38","modified_gmt":"2023-03-14T20:23:38","slug":"about-me","status":"publish","type":"page","link":"https:\/\/enriqueclark.com\/","title":{"rendered":"\u00bfQUI\u00c9N ES ENRIQUE CLARK?"},"content":{"rendered":"\t\t<div data-elementor-type=\"wp-page\" data-elementor-id=\"73\" class=\"elementor elementor-73\">\n\t\t\t\t\t\t\t\t\t<section class=\"elementor-section elementor-top-section elementor-element elementor-element-a57bc2b elementor-section-boxed elementor-section-height-default elementor-section-height-default\" data-id=\"a57bc2b\" data-element_type=\"section\">\n\t\t\t\t\t\t<div class=\"elementor-container elementor-column-gap-default\">\n\t\t\t\t\t<div class=\"elementor-column elementor-col-100 elementor-top-column elementor-element elementor-element-320ebe7\" data-id=\"320ebe7\" data-element_type=\"column\">\n\t\t\t<div class=\"elementor-widget-wrap elementor-element-populated\">\n\t\t\t\t\t\t\t\t<div class=\"elementor-element elementor-element-74874be elementor-widget elementor-widget-text-editor\" data-id=\"74874be\" data-element_type=\"widget\" data-widget_type=\"text-editor.default\">\n\t\t\t\t<div class=\"elementor-widget-container\">\n\t\t\t<style>\/*! elementor - v3.11.5 - 14-03-2023 *\/\n.elementor-widget-text-editor.elementor-drop-cap-view-stacked .elementor-drop-cap{background-color:#818a91;color:#fff}.elementor-widget-text-editor.elementor-drop-cap-view-framed .elementor-drop-cap{color:#818a91;border:3px solid;background-color:transparent}.elementor-widget-text-editor:not(.elementor-drop-cap-view-default) .elementor-drop-cap{margin-top:8px}.elementor-widget-text-editor:not(.elementor-drop-cap-view-default) .elementor-drop-cap-letter{width:1em;height:1em}.elementor-widget-text-editor .elementor-drop-cap{float:left;text-align:center;line-height:1;font-size:50px}.elementor-widget-text-editor .elementor-drop-cap-letter{display:inline-block}<\/style>\t\t\t\t<p><\/p><p>Quique Carmona, art\u00edsticamente conocido como Enrique Clark, es un DJ desde hace m\u00e1s de 8 a\u00f1os enfocado especialmente en bodas, eventos privados e inauguraciones.<\/p>\n<p>Su pasi\u00f3n por la m\u00fasica es el pilar fundamental que le genera transmitir buenas sensaciones, alegr\u00eda y animaci\u00f3n por todas las pistas de baile que ha ido mezclando a lo largo de estos a\u00f1os.<\/p>\n<p>El trato cercano, la empat\u00eda y la psicolog\u00eda de pista son tres de las cualidades que m\u00e1s le identifican como el DJ que es actualmente.<\/p>\n<p><img decoding=\"async\" loading=\"lazy\" class=\"size-medium wp-image-108 aligncenter\" src=\"https:\/\/enriqueclark.com\/wp-content\/uploads\/2023\/02\/cropped-image00002-240x300.jpeg\" alt=\"\" width=\"240\" height=\"300\" srcset=\"https:\/\/enriqueclark.com\/wp-content\/uploads\/2023\/02\/cropped-image00002-240x300.jpeg 240w, https:\/\/enriqueclark.com\/wp-content\/uploads\/2023\/02\/cropped-image00002-820x1024.jpeg 820w, https:\/\/enriqueclark.com\/wp-content\/uploads\/2023\/02\/cropped-image00002-768x959.jpeg 768w, https:\/\/enriqueclark.com\/wp-content\/uploads\/2023\/02\/cropped-image00002.jpeg 1064w\" sizes=\"(max-width: 240px) 100vw, 240px\" \/><\/p>\t\t\t\t\t\t<\/div>\n\t\t\t\t<\/div>\n\t\t\t\t\t<\/div>\n\t\t<\/div>\n\t\t\t\t\t\t\t<\/div>\n\t\t<\/section>\n\t\t\t\t<section class=\"elementor-section elementor-top-section elementor-element elementor-element-28ccc79 elementor-section-boxed elementor-section-height-default elementor-section-height-default\" data-id=\"28ccc79\" data-element_type=\"section\">\n\t\t\t\t\t\t<div class=\"elementor-container elementor-column-gap-default\">\n\t\t\t\t\t<div class=\"elementor-column elementor-col-50 elementor-top-column elementor-element elementor-element-8dba8c8\" data-id=\"8dba8c8\" data-element_type=\"column\">\n\t\t\t<div class=\"elementor-widget-wrap elementor-element-populated\">\n\t\t\t\t\t\t\t\t<div class=\"elementor-element elementor-element-d389fc0 elementor-widget elementor-widget-image\" data-id=\"d389fc0\" data-element_type=\"widget\" data-widget_type=\"image.default\">\n\t\t\t\t<div class=\"elementor-widget-container\">\n\t\t\t<style>\/*! elementor - v3.11.5 - 14-03-2023 *\/\n.elementor-widget-image{text-align:center}.elementor-widget-image a{display:inline-block}.elementor-widget-image a img[src$=\".svg\"]{width:48px}.elementor-widget-image img{vertical-align:middle;display:inline-block}<\/style>\t\t\t\t\t\t\t\t\t\t\t\t\t<a href=\"https:\/\/www.instagram.com\/enriqueclark_dj\/?hl=es\">\n\t\t\t\t\t\t\t<img decoding=\"async\" width=\"100\" height=\"100\" src=\"https:\/\/enriqueclark.com\/wp-content\/uploads\/2023\/03\/pngegg-100x100.png\" class=\"attachment-twentyseventeen-thumbnail-avatar size-twentyseventeen-thumbnail-avatar wp-image-205\" alt=\"\" loading=\"lazy\" srcset=\"https:\/\/enriqueclark.com\/wp-content\/uploads\/2023\/03\/pngegg-100x100.png 100w, https:\/\/enriqueclark.com\/wp-content\/uploads\/2023\/03\/pngegg-300x300.png 300w, https:\/\/enriqueclark.com\/wp-content\/uploads\/2023\/03\/pngegg-150x150.png 150w, https:\/\/enriqueclark.com\/wp-content\/uploads\/2023\/03\/pngegg-768x768.png 768w, https:\/\/enriqueclark.com\/wp-content\/uploads\/2023\/03\/pngegg.png 1000w\" sizes=\"100vw\" \/>\t\t\t\t\t\t\t\t<\/a>\n\t\t\t\t\t\t\t\t\t\t\t\t\t\t\t<\/div>\n\t\t\t\t<\/div>\n\t\t\t\t\t<\/div>\n\t\t<\/div>\n\t\t\t\t<div class=\"elementor-column elementor-col-50 elementor-top-column elementor-element elementor-element-d6738f2\" data-id=\"d6738f2\" data-element_type=\"column\">\n\t\t\t<div class=\"elementor-widget-wrap elementor-element-populated\">\n\t\t\t\t\t\t\t\t<div class=\"elementor-element elementor-element-2fb235e elementor-widget elementor-widget-text-editor\" data-id=\"2fb235e\" data-element_type=\"widget\" data-widget_type=\"text-editor.default\">\n\t\t\t\t<div class=\"elementor-widget-container\">\n\t\t\t\t\t\t\t<p>S\u00edguenos en Instagram<\/p>\t\t\t\t\t\t<\/div>\n\t\t\t\t<\/div>\n\t\t\t\t\t<\/div>\n\t\t<\/div>\n\t\t\t\t\t\t\t<\/div>\n\t\t<\/section>\n\t\t\t\t\t\t\t<\/div>\n\t\t","protected":false},"excerpt":{"rendered":"<p>Quique Carmona, art\u00edsticamente conocido como Enrique Clark, es un DJ desde hace m\u00e1s de 8 a\u00f1os enfocado especialmente en bodas, eventos privados e inauguraciones. Su pasi\u00f3n por la m\u00fasica es el pilar fundamental que le genera transmitir buenas sensaciones, alegr\u00eda y animaci\u00f3n por todas las pistas de baile que ha ido mezclando a lo largo &hellip; <\/p>\n<p class=\"link-more\"><a href=\"https:\/\/enriqueclark.com\/\" class=\"more-link\">Continue reading<span class=\"screen-reader-text\"> &#8220;\u00bfQUI\u00c9N ES ENRIQUE CLARK?&#8221;<\/span><\/a><\/p>\n","protected":false},"author":1,"featured_media":0,"parent":0,"menu_order":0,"comment_status":"closed","ping_status":"closed","template":"","meta":[],"_links":{"self":[{"href":"https:\/\/enriqueclark.com\/index.php\/wp-json\/wp\/v2\/pages\/73"}],"collection":[{"href":"https:\/\/enriqueclark.com\/index.php\/wp-json\/wp\/v2\/pages"}],"about":[{"href":"https:\/\/enriqueclark.com\/index.php\/wp-json\/wp\/v2\/types\/page"}],"author":[{"embeddable":true,"href":"https:\/\/enriqueclark.com\/index.php\/wp-json\/wp\/v2\/users\/1"}],"replies":[{"embeddable":true,"href":"https:\/\/enriqueclark.com\/index.php\/wp-json\/wp\/v2\/comments?post=73"}],"version-history":[{"count":30,"href":"https:\/\/enriqueclark.com\/index.php\/wp-json\/wp\/v2\/pages\/73\/revisions"}],"predecessor-version":[{"id":228,"href":"https:\/\/enriqueclark.com\/index.php\/wp-json\/wp\/v2\/pages\/73\/revisions\/228"}],"wp:attachment":[{"href":"https:\/\/enriqueclark.com\/index.php\/wp-json\/wp\/v2\/media?parent=73"}],"curies":[{"name":"wp","href":"https:\/\/api.w.org\/{rel}","templated":true}]}}